{"id":14,"date":"2025-01-10T08:21:19","date_gmt":"2025-01-10T08:21:19","guid":{"rendered":"https:\/\/horskachatametaz.cz\/?page_id=14"},"modified":"2025-01-15T12:13:26","modified_gmt":"2025-01-15T12:13:26","slug":"kudy-k-nam","status":"publish","type":"page","link":"https:\/\/horskachatametaz.cz\/de\/kudy-k-nam\/","title":{"rendered":"Wie kommen Sie zu uns"},"content":{"rendered":"<div class=\"wpb-content-wrapper\"><div class=\"vc_row wpb_row vc_row-fluid\"><div class=\"wpb_column vc_column_container vc_col-sm-6\"><div class=\"vc_column-inner\"><div class=\"wpb_wrapper\"><section class=\"vc_cta3-container\"><div class=\"vc_general vc_do_cta3 vc_cta3 vc_cta3-style-classic vc_cta3-shape-round vc_cta3-align-left vc_cta3-color-classic vc_cta3-icon-size-md\"><div class=\"vc_cta3_content-container\"><div class=\"vc_cta3-content\"><header class=\"vc_cta3-content-header\"><h2>Bergh\u00fctte Metaz<\/h2><h4>Janov nad Nisou 1251, 468 11<\/h4><\/header><p><strong>E-Mail<\/strong> jar.novakova12@seznam.cz<\/p>\n<h2><strong>TELEFON:<\/strong> 725 573 857<\/h2>\n<div class=\"row\">\n<div class=\"col-6\"><span class=\"value\" data-ui-id=\"csw-partner\">Jarmila Nov\u00e1kov\u00e1<\/span><\/div>\n<\/div>\n<div class=\"row\">I\u010c: 67455646<\/div>\n<div>Sitz: Janov nad Nisou 1251, 46811, Janov nad Nisou<\/div>\n<\/div><\/div><\/div><\/section><\/div><\/div><\/div><div class=\"wpb_column vc_column_container vc_col-sm-6\"><div class=\"vc_column-inner\"><div class=\"wpb_wrapper\">\n\t<div class=\"wpb_text_column wpb_content_element\" >\n\t\t<div class=\"wpb_wrapper\">\n\t\t\t<p><iframe loading=\"lazy\" style=\"border:none\" src=\"https:\/\/frame.mapy.cz\/s\/mekejajohe\" width=\"500\" height=\"333\" frameborder=\"0\"><\/iframe><\/p>\n\n\t\t<\/div>\n\t<\/div>\n<style>.vc_btn3-style-gradient.vc_btn-gradient-btn-69f4423de13e7:hover{color: #fff;background-color: #6dab3c;border: none;background-position: 100% 0;}<\/style><style>.vc_btn3-style-gradient.vc_btn-gradient-btn-69f4423de13e7{color: #fff;border: none;background-color: #75d69c;background-image: -webkit-linear-gradient(left, #75d69c 0%, #6dab3c 50%,#75d69c 100%);background-image: linear-gradient(to right, #75d69c 0%, #6dab3c 50%,#75d69c 100%);-webkit-transition: all .2s ease-in-out;transition: all .2s ease-in-out;background-size: 200% 100%;}<\/style><div class=\"vc_btn3-container vc_btn3-center vc_do_btn\" ><a data-vc-gradient-1=\"#75d69c\" data-vc-gradient-2=\"#6dab3c\" class=\"vc_general vc_btn3 vc_btn3-size-lg vc_btn3-shape-rounded vc_btn3-style-gradient vc_btn-gradient-btn-69f4423de13e7\" href=\"https:\/\/mapy.cz\/s\/rabopazoma\" title=\"\">Navigieren<\/a><\/div><\/div><\/div><\/div><\/div>\n<\/div>","protected":false},"excerpt":{"rendered":"Horsk\u00e1 chata MetazJanov nad Nisou 1251, 468 11Email: jar.novakova12@seznam.cz TEL: 725 573 857 Jarmila Nov\u00e1kov\u00e1 I\u010c: 67455646 S\u00eddlo: Janov nad Nisou 1251, 46811, Janov nad Nisou Navigovat","protected":false},"author":1,"featured_media":0,"parent":0,"menu_order":0,"comment_status":"closed","ping_status":"closed","template":"","meta":{"footnotes":""},"class_list":["post-14","page","type-page","status-publish","hentry"],"_links":{"self":[{"href":"https:\/\/horskachatametaz.cz\/de\/wp-json\/wp\/v2\/pages\/14","targetHints":{"allow":["GET"]}}],"collection":[{"href":"https:\/\/horskachatametaz.cz\/de\/wp-json\/wp\/v2\/pages"}],"about":[{"href":"https:\/\/horskachatametaz.cz\/de\/wp-json\/wp\/v2\/types\/page"}],"author":[{"embeddable":true,"href":"https:\/\/horskachatametaz.cz\/de\/wp-json\/wp\/v2\/users\/1"}],"replies":[{"embeddable":true,"href":"https:\/\/horskachatametaz.cz\/de\/wp-json\/wp\/v2\/comments?post=14"}],"version-history":[{"count":8,"href":"https:\/\/horskachatametaz.cz\/de\/wp-json\/wp\/v2\/pages\/14\/revisions"}],"predecessor-version":[{"id":113,"href":"https:\/\/horskachatametaz.cz\/de\/wp-json\/wp\/v2\/pages\/14\/revisions\/113"}],"wp:attachment":[{"href":"https:\/\/horskachatametaz.cz\/de\/wp-json\/wp\/v2\/media?parent=14"}],"curies":[{"name":"wp","href":"https:\/\/api.w.org\/{rel}","templated":true}]}}